{"id":2786,"date":"2025-12-18T21:29:44","date_gmt":"2025-12-18T21:29:44","guid":{"rendered":"https:\/\/www.chayotelodge.com\/blog\/"},"modified":"2026-04-14T19:15:25","modified_gmt":"2026-04-14T19:15:25","slug":"blog","status":"publish","type":"page","link":"https:\/\/www.chayotelodge.com\/es\/blog\/","title":{"rendered":"Blog"},"content":{"rendered":"\t\t<div data-elementor-type=\"wp-page\" data-elementor-id=\"2786\" class=\"elementor elementor-2786\">\n\t\t\t\t<div class=\"elementor-element elementor-element-15991c4 e-con-full e-flex e-con e-parent\" data-id=\"15991c4\" data-element_type=\"container\" data-e-type=\"container\" data-settings=\"{&quot;background_background&quot;:&quot;video&quot;,&quot;animation&quot;:&quot;none&quot;,&quot;background_play_on_mobile&quot;:&quot;yes&quot;}\">\n\t\t\t\t<\/div>\n\t\t<div class=\"elementor-element elementor-element-1added9 e-con-full e-flex elementor-invisible e-con e-parent\" data-id=\"1added9\" data-element_type=\"container\" data-e-type=\"container\" data-settings=\"{&quot;background_background&quot;:&quot;classic&quot;,&quot;animation&quot;:&quot;fadeInUp&quot;}\">\n\t\t<div class=\"elementor-element elementor-element-9d88c38 e-con-full e-flex e-con e-child\" data-id=\"9d88c38\" data-element_type=\"container\" data-e-type=\"container\">\n\t\t\t\t<div class=\"elementor-element elementor-element-49c7e3b elementor-widget elementor-widget-heading\" data-id=\"49c7e3b\" data-element_type=\"widget\" data-e-type=\"widget\" data-widget_type=\"heading.default\">\n\t\t\t\t<div class=\"elementor-widget-container\">\n\t\t\t\t\t<h2 class=\"elementor-heading-title elementor-size-default\">Blog<\/h2>\t\t\t\t<\/div>\n\t\t\t\t<\/div>\n\t\t\t\t<div class=\"elementor-element elementor-element-ac74e37 elementor-widget-divider--view-line elementor-widget elementor-widget-divider\" data-id=\"ac74e37\" data-element_type=\"widget\" data-e-type=\"widget\" data-widget_type=\"divider.default\">\n\t\t\t\t<div class=\"elementor-widget-container\">\n\t\t\t\t\t\t\t<div class=\"elementor-divider\">\n\t\t\t<span class=\"elementor-divider-separator\">\n\t\t\t\t\t\t<\/span>\n\t\t<\/div>\n\t\t\t\t\t\t<\/div>\n\t\t\t\t<\/div>\n\t\t\t\t<div class=\"elementor-element elementor-element-bc6a75a elementor-widget elementor-widget-heading\" data-id=\"bc6a75a\" data-element_type=\"widget\" data-e-type=\"widget\" data-widget_type=\"heading.default\">\n\t\t\t\t<div class=\"elementor-widget-container\">\n\t\t\t\t\t<h2 class=\"elementor-heading-title elementor-size-default\">A trav\u00e9s de este blog lo invitamos a descubrir m\u00e1s sobre Chayote Lodge, su historia, la cultura cafetalera y el entorno natural que lo rodea, as\u00ed como las experiencias que lo convierten en un lugar \u00fanico para hospedarse durante su viaje por Costa Rica.<\/h2>\t\t\t\t<\/div>\n\t\t\t\t<\/div>\n\t\t\t\t<div class=\"elementor-element elementor-element-de2f62f elementor-widget elementor-widget-elementskit-blog-posts\" data-id=\"de2f62f\" data-element_type=\"widget\" data-e-type=\"widget\" data-widget_type=\"elementskit-blog-posts.default\">\n\t\t\t\t<div class=\"elementor-widget-container\">\n\t\t\t\t\t<div class=\"ekit-wid-con\" >        <div id=\"post-items--de2f62f\" class=\"row post-items\">\n                    <div class=\"col-lg-4 col-md-6\">\n\n                                    <div class=\"elementskit-post-image-card\">\n                        <div class=\"elementskit-entry-header\">\n                                                            <a href=\"https:\/\/www.chayotelodge.com\/es\/2026\/01\/24\/la_historia_detras_del_sueno\/\" class=\"elementskit-entry-thumb\">\n                                    <img decoding=\"async\" src=\"https:\/\/www.chayotelodge.com\/wp-content\/uploads\/2025\/12\/chayote-construction-1.jpg\" alt=\"La historia detr\u00e1s del sue\u00f1o\">\n                                <\/a><!-- .elementskit-entry-thumb END -->\n                                                            \n                            \n\t\t\t\t\t\t\t\t\t\t\t\t\t<\/div><!-- .elementskit-entry-header END -->\n\n\t\t\t\t\t\t<div class=\"elementskit-post-body \">\n\t\t\t\t\t\t\t\n\t\t\t\t\t\t\t\t\t\t\t\t\t\t\t\t\t\t\t\t\t\t\t\t\t\t\t\t\t\t\n\t\t\t\t\t\t\t\t\n\t\t\t\t\t\t\t\t\t\t\t\t\t\t\t\t\t\t\t\t\t<h2 class=\"entry-title\">\n\t\t\t\t\t<a href=\"https:\/\/www.chayotelodge.com\/es\/2026\/01\/24\/la_historia_detras_del_sueno\/\">\n\t\t\t\t\t\tLa historia detr\u00e1s del sue\u00f1o\t\t\t\t\t<\/a>\n\t\t\t\t<\/h2>\n\t\t\t\t\t\t\t\t\t\t\t\t\t\t\t\t\t\t\t\t\t\t\t\t\t\t\t\t\t\t\t\t\t\t\t\t\t\t\t\t\t\t<p>Algunos de mis compa\u00f1eros de escuela a\u00fan recuerdan que, desde entonces, yo sol\u00eda decir que un d\u00eda tendr\u00eda mi propio hotel. Quiz\u00e1s fue ah\u00ed cuando&hellip;<\/p>\n\t\t\t\t\t\t\t\t\t\t\t\t\t\t\t\t\t\t\t\t\t\t                                                            <div class=\"btn-wraper\">\n                                    \n                                                                            <a class=\"elementskit-btn whitespace--normal\" id=\"\" href=\"https:\/\/www.chayotelodge.com\/es\/2026\/01\/24\/la_historia_detras_del_sueno\/\">\n                                        \t                                            Learn more                                         <\/a>\n                                                                    <\/div>\n                                                    <\/div><!-- .elementskit-post-body END -->\n                    <\/div>\n                \n            <\/div>\n                    <div class=\"col-lg-4 col-md-6\">\n\n                                    <div class=\"elementskit-post-image-card\">\n                        <div class=\"elementskit-entry-header\">\n                                                            <a href=\"https:\/\/www.chayotelodge.com\/es\/2026\/01\/26\/don-carlos-and-dona-maria-an-authentic-off-the-beaten-path-coffee-tour-in-costa-rica\/\" class=\"elementskit-entry-thumb\">\n                                    <img decoding=\"async\" src=\"https:\/\/www.chayotelodge.com\/wp-content\/uploads\/2026\/01\/Coffe-Tour-1.jpg\" alt=\"Don Carlos y do\u00f1a Mar\u00eda: un coffee tour aut\u00e9ntico en Costa Rica\">\n                                <\/a><!-- .elementskit-entry-thumb END -->\n                                                            \n                            \n\t\t\t\t\t\t\t\t\t\t\t\t\t<\/div><!-- .elementskit-entry-header END -->\n\n\t\t\t\t\t\t<div class=\"elementskit-post-body \">\n\t\t\t\t\t\t\t\n\t\t\t\t\t\t\t\t\t\t\t\t\t\t\t\t\t\t\t\t\t\t\t\t\t\t\t\t\t\t\n\t\t\t\t\t\t\t\t\n\t\t\t\t\t\t\t\t\t\t\t\t\t\t\t\t\t\t\t\t\t<h2 class=\"entry-title\">\n\t\t\t\t\t<a href=\"https:\/\/www.chayotelodge.com\/es\/2026\/01\/26\/don-carlos-and-dona-maria-an-authentic-off-the-beaten-path-coffee-tour-in-costa-rica\/\">\n\t\t\t\t\t\tDon Carlos y do\u00f1a Mar\u00eda: un coffee tour aut\u00e9ntico en Costa Rica\t\t\t\t\t<\/a>\n\t\t\t\t<\/h2>\n\t\t\t\t\t\t\t\t\t\t\t\t\t\t\t\t\t\t\t\t\t\t\t\t\t\t\t\t\t\t\t\t\t\t\t\t\t\t\t\t\t\t<p>A tan solo cinco minutos de Chayote Lodge, lejos de cualquier ruta tur\u00edstica convencional, nos reciben en su casa don Carlos y do\u00f1a Mar\u00eda. No&hellip;<\/p>\n\t\t\t\t\t\t\t\t\t\t\t\t\t\t\t\t\t\t\t\t\t\t                                                            <div class=\"btn-wraper\">\n                                    \n                                                                            <a class=\"elementskit-btn whitespace--normal\" id=\"\" href=\"https:\/\/www.chayotelodge.com\/es\/2026\/01\/26\/don-carlos-and-dona-maria-an-authentic-off-the-beaten-path-coffee-tour-in-costa-rica\/\">\n                                        \t                                            Learn more                                         <\/a>\n                                                                    <\/div>\n                                                    <\/div><!-- .elementskit-post-body END -->\n                    <\/div>\n                \n            <\/div>\n                    <div class=\"col-lg-4 col-md-6\">\n\n                                    <div class=\"elementskit-post-image-card\">\n                        <div class=\"elementskit-entry-header\">\n                                                            <a href=\"https:\/\/www.chayotelodge.com\/es\/2026\/04\/14\/noche_perfecta_para_comenzar_tu_viaje_a_costa_rica\/\" class=\"elementskit-entry-thumb\">\n                                    <img decoding=\"async\" src=\"https:\/\/www.chayotelodge.com\/wp-content\/uploads\/2026\/04\/Foto-mapa-blog.jpg\" alt=\"La Noche Perfecta para Comenzar tu Viaje a Costa Rica: Por Qu\u00e9 Hospedarte Cerca del Aeropuerto SJO Antes de Ir a La Fortuna\">\n                                <\/a><!-- .elementskit-entry-thumb END -->\n                                                            \n                            \n\t\t\t\t\t\t\t\t\t\t\t\t\t<\/div><!-- .elementskit-entry-header END -->\n\n\t\t\t\t\t\t<div class=\"elementskit-post-body \">\n\t\t\t\t\t\t\t\n\t\t\t\t\t\t\t\t\t\t\t\t\t\t\t\t\t\t\t\t\t\t\t\t\t\t\t\t\t\t\n\t\t\t\t\t\t\t\t\n\t\t\t\t\t\t\t\t\t\t\t\t\t\t\t\t\t\t\t\t\t<h2 class=\"entry-title\">\n\t\t\t\t\t<a href=\"https:\/\/www.chayotelodge.com\/es\/2026\/04\/14\/noche_perfecta_para_comenzar_tu_viaje_a_costa_rica\/\">\n\t\t\t\t\t\tLa Noche Perfecta para Comenzar tu Viaje a Costa Rica: Por Qu\u00e9 Hospedarte Cerca del Aeropuerto SJO Antes de Ir a La Fortuna\t\t\t\t\t<\/a>\n\t\t\t\t<\/h2>\n\t\t\t\t\t\t\t\t\t\t\t\t\t\t\t\t\t\t\t\t\t\t\t\t\t\t\t\t\t\t\t\t\t\t\t\t\t\t\t\t\t\t<p>Si has pasado tiempo en foros de viajes o grupos de Facebook planeando tu viaje a Costa Rica, probablemente has visto esta pregunta aparecer una&hellip;<\/p>\n\t\t\t\t\t\t\t\t\t\t\t\t\t\t\t\t\t\t\t\t\t\t                                                            <div class=\"btn-wraper\">\n                                    \n                                                                            <a class=\"elementskit-btn whitespace--normal\" id=\"\" href=\"https:\/\/www.chayotelodge.com\/es\/2026\/04\/14\/noche_perfecta_para_comenzar_tu_viaje_a_costa_rica\/\">\n                                        \t                                            Learn more                                         <\/a>\n                                                                    <\/div>\n                                                    <\/div><!-- .elementskit-post-body END -->\n                    <\/div>\n                \n            <\/div>\n                <\/div>\n       <\/div>\t\t\t\t<\/div>\n\t\t\t\t<\/div>\n\t\t\t\t<\/div>\n\t\t\t\t<\/div>\n\t\t\t\t<\/div>\n\t\t","protected":false},"excerpt":{"rendered":"<p>Blog A trav\u00e9s de este blog lo invitamos a descubrir m\u00e1s sobre Chayote Lodge, su historia, la cultura cafetalera y el entorno natural que lo rodea, as\u00ed como las experiencias que lo convierten en un lugar \u00fanico para hospedarse durante su viaje por Costa Rica. Don Carlos y do\u00f1a Mar\u00eda: un coffee tour aut\u00e9ntico en Costa Rica A tan solo cinco minutos de Chayote Lodge, lejos de cualquier ruta tur\u00edstica convencional, nos reciben en su casa don Carlos y do\u00f1a Mar\u00eda. No&hellip; Learn more<\/p>\n","protected":false},"author":1,"featured_media":0,"parent":0,"menu_order":0,"comment_status":"closed","ping_status":"closed","template":"elementor_header_footer","meta":{"_joinchat":[],"footnotes":""},"class_list":["post-2786","page","type-page","status-publish","hentry"],"_links":{"self":[{"href":"https:\/\/www.chayotelodge.com\/es\/wp-json\/wp\/v2\/pages\/2786","targetHints":{"allow":["GET"]}}],"collection":[{"href":"https:\/\/www.chayotelodge.com\/es\/wp-json\/wp\/v2\/pages"}],"about":[{"href":"https:\/\/www.chayotelodge.com\/es\/wp-json\/wp\/v2\/types\/page"}],"author":[{"embeddable":true,"href":"https:\/\/www.chayotelodge.com\/es\/wp-json\/wp\/v2\/users\/1"}],"replies":[{"embeddable":true,"href":"https:\/\/www.chayotelodge.com\/es\/wp-json\/wp\/v2\/comments?post=2786"}],"version-history":[{"count":27,"href":"https:\/\/www.chayotelodge.com\/es\/wp-json\/wp\/v2\/pages\/2786\/revisions"}],"predecessor-version":[{"id":2935,"href":"https:\/\/www.chayotelodge.com\/es\/wp-json\/wp\/v2\/pages\/2786\/revisions\/2935"}],"wp:attachment":[{"href":"https:\/\/www.chayotelodge.com\/es\/wp-json\/wp\/v2\/media?parent=2786"}],"curies":[{"name":"wp","href":"https:\/\/api.w.org\/{rel}","templated":true}]}}