{"id":2336,"date":"2025-12-02T14:59:58","date_gmt":"2025-12-02T14:59:58","guid":{"rendered":"https:\/\/www.chayotelodge.com\/faqs\/"},"modified":"2025-12-02T19:14:49","modified_gmt":"2025-12-02T19:14:49","slug":"faqs","status":"publish","type":"page","link":"https:\/\/www.chayotelodge.com\/es\/faqs\/","title":{"rendered":"FAQS"},"content":{"rendered":"\t\t<div data-elementor-type=\"wp-page\" data-elementor-id=\"2336\" class=\"elementor elementor-2336\">\n\t\t\t\t<div class=\"elementor-element elementor-element-15991c4 e-con-full e-flex e-con e-parent\" data-id=\"15991c4\" data-element_type=\"container\" data-e-type=\"container\" data-settings=\"{&quot;background_background&quot;:&quot;video&quot;,&quot;animation&quot;:&quot;none&quot;,&quot;background_play_on_mobile&quot;:&quot;yes&quot;}\">\n\t\t\t\t<\/div>\n\t\t<div class=\"elementor-element elementor-element-188fe6b9 e-con-full e-flex elementor-invisible e-con e-parent\" data-id=\"188fe6b9\" data-element_type=\"container\" data-e-type=\"container\" data-settings=\"{&quot;background_background&quot;:&quot;classic&quot;,&quot;animation&quot;:&quot;fadeInUp&quot;}\">\n\t\t<div class=\"elementor-element elementor-element-1498ac96 e-con-full e-flex e-con e-child\" data-id=\"1498ac96\" data-element_type=\"container\" data-e-type=\"container\">\n\t\t\t\t<div class=\"elementor-element elementor-element-49c7e3b elementor-widget elementor-widget-heading\" data-id=\"49c7e3b\" data-element_type=\"widget\" data-e-type=\"widget\" data-widget_type=\"heading.default\">\n\t\t\t\t<div class=\"elementor-widget-container\">\n\t\t\t\t\t<h2 class=\"elementor-heading-title elementor-size-default\">FAQS<\/h2>\t\t\t\t<\/div>\n\t\t\t\t<\/div>\n\t\t\t\t<div class=\"elementor-element elementor-element-d9b710e elementor-widget-divider--view-line elementor-widget elementor-widget-divider\" data-id=\"d9b710e\" data-element_type=\"widget\" data-e-type=\"widget\" data-widget_type=\"divider.default\">\n\t\t\t\t<div class=\"elementor-widget-container\">\n\t\t\t\t\t\t\t<div class=\"elementor-divider\">\n\t\t\t<span class=\"elementor-divider-separator\">\n\t\t\t\t\t\t<\/span>\n\t\t<\/div>\n\t\t\t\t\t\t<\/div>\n\t\t\t\t<\/div>\n\t\t<div class=\"elementor-element elementor-element-21b016a e-con-full e-flex e-con e-child\" data-id=\"21b016a\" data-element_type=\"container\" data-e-type=\"container\">\n\t\t\t\t<div class=\"elementor-element elementor-element-59e1d54 elementor-widget__width-inherit elementor-widget elementor-widget-elementskit-accordion\" data-id=\"59e1d54\" data-element_type=\"widget\" data-e-type=\"widget\" data-widget_type=\"elementskit-accordion.default\">\n\t\t\t\t<div class=\"elementor-widget-container\">\n\t\t\t\t\t<div class=\"ekit-wid-con\" >\n        <div class=\"elementskit-accordion accoedion-primary\" id=\"accordion-69fecfe87e26b\">\n\n            \n                <div class=\"elementskit-card active\">\n                    <div class=\"elementskit-card-header\" id=\"primaryHeading-0-59e1d54\">\n                        <a href=\"#collapse-a7cabb169fecfe87e26b\" class=\"ekit-accordion--toggler elementskit-btn-link collapsed\" data-ekit-toggle=\"collapse\" data-target=\"#Collapse-a7cabb169fecfe87e26b\" aria-expanded=\"true\" aria-controls=\"Collapse-a7cabb169fecfe87e26b\">\n                            \n                            <span class=\"ekit-accordion-title\">\u00bfD\u00f3nde est\u00e1 Chayote Lodge?<\/span>\n\n                            \n                                <div class=\"ekit_accordion_icon_group\">\n                                    <div class=\"ekit_accordion_normal_icon\">\n                                        <!-- Normal Icon -->\n\t\t\t\t\t\t\t\t\t\t<i class=\"icon icon-down-arrow1\"><\/i>                                    <\/div>\n\n                                    <div class=\"ekit_accordion_active_icon\">\n                                        <!-- Active Icon -->\n\t\t\t\t\t\t\t\t\t\t<i class=\"icon icon-up-arrow\"><\/i>                                    <\/div>\n                                <\/div>\n\n                            \n                                                    <\/a>\n                    <\/div>\n\n                    <div id=\"Collapse-a7cabb169fecfe87e26b\" class=\" show collapse\" aria-labelledby=\"primaryHeading-0-59e1d54\" data-parent=\"#accordion-69fecfe87e26b\">\n\n                        <div class=\"elementskit-card-body ekit-accordion--content\">\n                            Chayote Lodge se encuentra en un encantador pueblo de unos 200 habitantes, a solo 40 kil\u00f3metros al noroeste del Aeropuerto Internacional Juan Santamar\u00eda (SJO) en San Jos\u00e9, en la ruta hacia el Volc\u00e1n Arenal. Ubicado a 1650 metros sobre el nivel del mar, el albergue est\u00e1 rodeado de exuberantes cafetales y m\u00edsticos bosques nubosos. Desde aqu\u00ed, los hu\u00e9spedes pueden disfrutar de impresionantes vistas de cuatro volcanes, el Valle Central e incluso del Oc\u00e9ano Pac\u00edfico. Su c\u00e9ntrica ubicaci\u00f3n lo convierte en el punto de partida ideal para explorar las maravillas naturales de Costa Rica y sumergirse en su aut\u00e9ntica cultura.                        <\/div>\n\n                    <\/div>\n\n                <\/div><!-- .elementskit-card END -->\n\n                \n                <div class=\"elementskit-card \">\n                    <div class=\"elementskit-card-header\" id=\"primaryHeading-1-59e1d54\">\n                        <a href=\"#collapse-d3ed85369fecfe87e26b\" class=\"ekit-accordion--toggler elementskit-btn-link collapsed\" data-ekit-toggle=\"collapse\" data-target=\"#Collapse-d3ed85369fecfe87e26b\" aria-expanded=\"false\" aria-controls=\"Collapse-d3ed85369fecfe87e26b\">\n                            \n                            <span class=\"ekit-accordion-title\">\u00bfCu\u00e1ntas noches deben quedarse los clientes?<\/span>\n\n                            \n                                <div class=\"ekit_accordion_icon_group\">\n                                    <div class=\"ekit_accordion_normal_icon\">\n                                        <!-- Normal Icon -->\n\t\t\t\t\t\t\t\t\t\t<i class=\"icon icon-down-arrow1\"><\/i>                                    <\/div>\n\n                                    <div class=\"ekit_accordion_active_icon\">\n                                        <!-- Active Icon -->\n\t\t\t\t\t\t\t\t\t\t<i class=\"icon icon-up-arrow\"><\/i>                                    <\/div>\n                                <\/div>\n\n                            \n                                                    <\/a>\n                    <\/div>\n\n                    <div id=\"Collapse-d3ed85369fecfe87e26b\" class=\" collapse\" aria-labelledby=\"primaryHeading-1-59e1d54\" data-parent=\"#accordion-69fecfe87e26b\">\n\n                        <div class=\"elementskit-card-body ekit-accordion--content\">\n                            La mejor manera de disfrutar de Costa Rica es explorando diferentes regiones, desde playas hasta volcanes y selvas tropicales. Si bien es posible alojarse una noche en Chayote Lodge (a menudo al inicio de un viaje al Volc\u00e1n Arenal), recomendamos al menos dos noches para disfrutar de actividades locales. La estancia ideal es de tres noches, lo que garantiza una conexi\u00f3n m\u00e1s profunda con esta incre\u00edble regi\u00f3n.                        <\/div>\n\n                    <\/div>\n\n                <\/div><!-- .elementskit-card END -->\n\n                \n                <div class=\"elementskit-card \">\n                    <div class=\"elementskit-card-header\" id=\"primaryHeading-2-59e1d54\">\n                        <a href=\"#collapse-ba8347c69fecfe87e26b\" class=\"ekit-accordion--toggler elementskit-btn-link collapsed\" data-ekit-toggle=\"collapse\" data-target=\"#Collapse-ba8347c69fecfe87e26b\" aria-expanded=\"false\" aria-controls=\"Collapse-ba8347c69fecfe87e26b\">\n                            \n                            <span class=\"ekit-accordion-title\">\u00bfQui\u00e9n disfrutar\u00e1 de una estancia en Chayote Lodge?<\/span>\n\n                            \n                                <div class=\"ekit_accordion_icon_group\">\n                                    <div class=\"ekit_accordion_normal_icon\">\n                                        <!-- Normal Icon -->\n\t\t\t\t\t\t\t\t\t\t<i class=\"icon icon-down-arrow1\"><\/i>                                    <\/div>\n\n                                    <div class=\"ekit_accordion_active_icon\">\n                                        <!-- Active Icon -->\n\t\t\t\t\t\t\t\t\t\t<i class=\"icon icon-up-arrow\"><\/i>                                    <\/div>\n                                <\/div>\n\n                            \n                                                    <\/a>\n                    <\/div>\n\n                    <div id=\"Collapse-ba8347c69fecfe87e26b\" class=\" collapse\" aria-labelledby=\"primaryHeading-2-59e1d54\" data-parent=\"#accordion-69fecfe87e26b\">\n\n                        <div class=\"elementskit-card-body ekit-accordion--content\">\n                            Chayote Lodge no se trata del lujo tradicional; m\u00e1s bien, ofrece el lujo de experiencias significativas. Nuestras once Suites Recibidor y una Suite Forest est\u00e1n cuidadosamente dise\u00f1adas para brindar comodidad y disfrutar de la rica cultura costarricense.\nA sus clientes les encantar\u00e1 Chayote Lodge si: Buscan experiencias de viaje aut\u00e9nticas, desde explorar mercados locales hasta compartir un caf\u00e9 con una familia local.\nDisfrutan de alojamiento boutique con servicio personalizado en lugar de grandes cadenas hoteleras internacionales.\nDesean experimentar Costa Rica m\u00e1s all\u00e1 de los t\u00edpicos lugares tur\u00edsticos. Aprecian la belleza de los bosques nubosos, la cultura del caf\u00e9 y las vibrantes comunidades locales. Les encanta explorar nuevos sabores, incluyendo la comida callejera local y los platillos tradicionales.\n\nEn Chayote Lodge, el lujo se mide por la profundidad de los recuerdos creados.                        <\/div>\n\n                    <\/div>\n\n                <\/div><!-- .elementskit-card END -->\n\n                \n                <div class=\"elementskit-card \">\n                    <div class=\"elementskit-card-header\" id=\"primaryHeading-3-59e1d54\">\n                        <a href=\"#collapse-0c28ea369fecfe87e26b\" class=\"ekit-accordion--toggler elementskit-btn-link collapsed\" data-ekit-toggle=\"collapse\" data-target=\"#Collapse-0c28ea369fecfe87e26b\" aria-expanded=\"false\" aria-controls=\"Collapse-0c28ea369fecfe87e26b\">\n                            \n                            <span class=\"ekit-accordion-title\">\u00bfQu\u00e9 actividades est\u00e1n disponibles en Chayote Lodge?<\/span>\n\n                            \n                                <div class=\"ekit_accordion_icon_group\">\n                                    <div class=\"ekit_accordion_normal_icon\">\n                                        <!-- Normal Icon -->\n\t\t\t\t\t\t\t\t\t\t<i class=\"icon icon-down-arrow1\"><\/i>                                    <\/div>\n\n                                    <div class=\"ekit_accordion_active_icon\">\n                                        <!-- Active Icon -->\n\t\t\t\t\t\t\t\t\t\t<i class=\"icon icon-up-arrow\"><\/i>                                    <\/div>\n                                <\/div>\n\n                            \n                                                    <\/a>\n                    <\/div>\n\n                    <div id=\"Collapse-0c28ea369fecfe87e26b\" class=\" collapse\" aria-labelledby=\"primaryHeading-3-59e1d54\" data-parent=\"#accordion-69fecfe87e26b\">\n\n                        <div class=\"elementskit-card-body ekit-accordion--content\">\n                            <p>Todos los tours en Chayote Lodge son guiados por nuestro naturalista profesional, apasionado por compartir la belleza y la cultura del pa\u00eds.<\/p><p>Los hu\u00e9spedes pueden disfrutar de:<\/p><ul><li>Caminatas guiadas a impresionantes cascadas.<\/li><li>Avistamiento de aves.<\/li><li>Visitas a plantaciones de caf\u00e9.<\/li><li>Clases de cocina en casas locales.<\/li><li>Tours fotogr\u00e1ficos por paisajes pintorescos.<\/li><li>Sesiones de yoga y meditaci\u00f3n en un tranquilo entorno de bosque nuboso.<\/li><li>Tirolesa en el bosque nuboso.<\/li><li>Puentes colgantes en el bosque nuboso.<\/li><\/ul><p>Descubre la esencia de la regi\u00f3n del Chayote en este video: <a href=\"https:\/\/www.youtube.com\/watch?v=hwvJSqdgAss&amp;t=64s\" target=\"_blank\" rel=\"noopener\">M\u00edralo aqu\u00ed<\/a><\/p>                        <\/div>\n\n                    <\/div>\n\n                <\/div><!-- .elementskit-card END -->\n\n                \n                <div class=\"elementskit-card \">\n                    <div class=\"elementskit-card-header\" id=\"primaryHeading-4-59e1d54\">\n                        <a href=\"#collapse-72af47069fecfe87e26b\" class=\"ekit-accordion--toggler elementskit-btn-link collapsed\" data-ekit-toggle=\"collapse\" data-target=\"#Collapse-72af47069fecfe87e26b\" aria-expanded=\"false\" aria-controls=\"Collapse-72af47069fecfe87e26b\">\n                            \n                            <span class=\"ekit-accordion-title\">\u00bfC\u00f3mo es Chayote Lodge?<\/span>\n\n                            \n                                <div class=\"ekit_accordion_icon_group\">\n                                    <div class=\"ekit_accordion_normal_icon\">\n                                        <!-- Normal Icon -->\n\t\t\t\t\t\t\t\t\t\t<i class=\"icon icon-down-arrow1\"><\/i>                                    <\/div>\n\n                                    <div class=\"ekit_accordion_active_icon\">\n                                        <!-- Active Icon -->\n\t\t\t\t\t\t\t\t\t\t<i class=\"icon icon-up-arrow\"><\/i>                                    <\/div>\n                                <\/div>\n\n                            \n                                                    <\/a>\n                    <\/div>\n\n                    <div id=\"Collapse-72af47069fecfe87e26b\" class=\" collapse\" aria-labelledby=\"primaryHeading-4-59e1d54\" data-parent=\"#accordion-69fecfe87e26b\">\n\n                        <div class=\"elementskit-card-body ekit-accordion--content\">\n                            Experimente el encanto \u00fanico de Chayote Lodge en este breve video: <a href=\"https:\/\/www.youtube.com\/watch?v=Gwtqwae5yQU&amp;t=1s\" target=\"_blank\" rel=\"noopener\">M\u00edralo aqu\u00ed<\/a>\n\nPara ver im\u00e1genes en alta resoluci\u00f3n, desc\u00e1rguelas aqu\u00ed: <a href=\"https:\/\/www.dropbox.com\/scl\/fo\/uxa00irmfam5rodxbywot\/AN5_sqK-JjQQZskz0XOMjfM?rlkey=5kkowj5ttm58xhrshf7z4omqu&amp;e=1&amp;dl=0\" target=\"_blank\" rel=\"noopener\">Enlace de Dropbox<\/a>\n\nVisite nuestro sitio web para m\u00e1s detalles: <a href=\"https:\/\/www.chayotelodge.com\/\" target=\"_blank\" rel=\"noopener\">www.ChayoteLodge.com<\/a>                        <\/div>\n\n                    <\/div>\n\n                <\/div><!-- .elementskit-card END -->\n\n                                        <\/div>\n    <\/div>\t\t\t\t<\/div>\n\t\t\t\t<\/div>\n\t\t\t\t<div class=\"elementor-element elementor-element-a268f5d elementor-widget elementor-widget-text-editor\" data-id=\"a268f5d\" data-element_type=\"widget\" data-e-type=\"widget\" data-widget_type=\"text-editor.default\">\n\t\t\t\t<div class=\"elementor-widget-container\">\n\t\t\t\t\t\t\t\t\t<p><strong>Creemos juntos viajes inolvidables<\/strong><\/p><p>Estamos aqu\u00ed para ayudarle a crear la aventura perfecta en Costa Rica para sus clientes. Perm\u00edtanos enriquecer su viaje con experiencias aut\u00e9nticas y recuerdos imborrables.<\/p>\t\t\t\t\t\t\t\t<\/div>\n\t\t\t\t<\/div>\n\t\t\t\t<\/div>\n\t\t\t\t<\/div>\n\t\t\t\t<\/div>\n\t\t\t\t<\/div>\n\t\t","protected":false},"excerpt":{"rendered":"<p>FAQS \u00bfD\u00f3nde est\u00e1 Chayote Lodge? Chayote Lodge se encuentra en un encantador pueblo de unos 200 habitantes, a solo 40 kil\u00f3metros al noroeste del Aeropuerto Internacional Juan Santamar\u00eda (SJO) en San Jos\u00e9, en la ruta hacia el Volc\u00e1n Arenal. Ubicado a 1650 metros sobre el nivel del mar, el albergue est\u00e1 rodeado de exuberantes cafetales y m\u00edsticos bosques nubosos. Desde aqu\u00ed, los hu\u00e9spedes pueden disfrutar de impresionantes vistas de cuatro volcanes, el Valle Central e incluso del Oc\u00e9ano Pac\u00edfico. Su c\u00e9ntrica ubicaci\u00f3n lo convierte en el punto de partida ideal para explorar las maravillas naturales de Costa Rica y sumergirse en su aut\u00e9ntica cultura. \u00bfCu\u00e1ntas noches deben quedarse los clientes? La mejor manera de disfrutar de Costa Rica es explorando diferentes regiones, desde playas hasta volcanes y selvas tropicales. Si bien es posible alojarse una noche en Chayote Lodge (a menudo al inicio de un viaje al Volc\u00e1n Arenal), recomendamos al menos dos noches para disfrutar de actividades locales. La estancia ideal es de tres noches, lo que garantiza una conexi\u00f3n m\u00e1s profunda con esta incre\u00edble regi\u00f3n. \u00bfQui\u00e9n disfrutar\u00e1 de una estancia en Chayote Lodge? Chayote Lodge no se trata del lujo tradicional; m\u00e1s bien, ofrece el lujo de experiencias significativas. Nuestras once Suites Recibidor y una Suite Forest est\u00e1n cuidadosamente dise\u00f1adas para brindar comodidad y disfrutar de la rica cultura costarricense. A sus clientes les encantar\u00e1 Chayote Lodge si: Buscan experiencias de viaje aut\u00e9nticas, desde explorar mercados locales hasta compartir un caf\u00e9 con una familia local. Disfrutan de alojamiento boutique con servicio personalizado en lugar de grandes cadenas hoteleras internacionales. Desean experimentar Costa Rica m\u00e1s all\u00e1 de los t\u00edpicos lugares tur\u00edsticos. Aprecian la belleza de los bosques nubosos, la cultura del caf\u00e9 y las vibrantes comunidades locales. Les encanta explorar nuevos sabores, incluyendo la comida callejera local y los platillos tradicionales. En Chayote Lodge, el lujo se mide por la profundidad de los recuerdos creados. \u00bfQu\u00e9 actividades est\u00e1n disponibles en Chayote Lodge? Todos los tours en Chayote Lodge son guiados por nuestro naturalista profesional, apasionado por compartir la belleza y la cultura del pa\u00eds. Los hu\u00e9spedes pueden disfrutar de: Caminatas guiadas a impresionantes cascadas. Avistamiento de aves. Visitas a plantaciones de caf\u00e9. Clases de cocina en casas locales. Tours fotogr\u00e1ficos por paisajes pintorescos. Sesiones de yoga y meditaci\u00f3n en un tranquilo entorno de bosque nuboso. Tirolesa en el bosque nuboso. Puentes colgantes en el bosque nuboso. Descubre la esencia de la regi\u00f3n del Chayote en este video: M\u00edralo aqu\u00ed \u00bfC\u00f3mo es Chayote Lodge? Experimente el encanto \u00fanico de Chayote Lodge en este breve video: M\u00edralo aqu\u00ed Para ver im\u00e1genes en alta resoluci\u00f3n, desc\u00e1rguelas aqu\u00ed: Enlace de Dropbox Visite nuestro sitio web para m\u00e1s detalles: www.ChayoteLodge.com Creemos juntos viajes inolvidables Estamos aqu\u00ed para ayudarle a crear la aventura perfecta en Costa Rica para sus clientes. Perm\u00edtanos enriquecer su viaje con experiencias aut\u00e9nticas y recuerdos imborrables.<\/p>\n","protected":false},"author":1,"featured_media":0,"parent":0,"menu_order":0,"comment_status":"closed","ping_status":"closed","template":"elementor_header_footer","meta":{"_joinchat":[],"footnotes":""},"class_list":["post-2336","page","type-page","status-publish","hentry"],"_links":{"self":[{"href":"https:\/\/www.chayotelodge.com\/es\/wp-json\/wp\/v2\/pages\/2336","targetHints":{"allow":["GET"]}}],"collection":[{"href":"https:\/\/www.chayotelodge.com\/es\/wp-json\/wp\/v2\/pages"}],"about":[{"href":"https:\/\/www.chayotelodge.com\/es\/wp-json\/wp\/v2\/types\/page"}],"author":[{"embeddable":true,"href":"https:\/\/www.chayotelodge.com\/es\/wp-json\/wp\/v2\/users\/1"}],"replies":[{"embeddable":true,"href":"https:\/\/www.chayotelodge.com\/es\/wp-json\/wp\/v2\/comments?post=2336"}],"version-history":[{"count":21,"href":"https:\/\/www.chayotelodge.com\/es\/wp-json\/wp\/v2\/pages\/2336\/revisions"}],"predecessor-version":[{"id":2386,"href":"https:\/\/www.chayotelodge.com\/es\/wp-json\/wp\/v2\/pages\/2336\/revisions\/2386"}],"wp:attachment":[{"href":"https:\/\/www.chayotelodge.com\/es\/wp-json\/wp\/v2\/media?parent=2336"}],"curies":[{"name":"wp","href":"https:\/\/api.w.org\/{rel}","templated":true}]}}