{"id":1962,"date":"2025-02-17T21:27:19","date_gmt":"2025-02-17T21:27:19","guid":{"rendered":"https:\/\/www.chayotelodge.com\/bar-restaurant\/"},"modified":"2026-01-19T20:21:37","modified_gmt":"2026-01-19T20:21:37","slug":"bar-y-restaurante","status":"publish","type":"page","link":"https:\/\/www.chayotelodge.com\/es\/bar-y-restaurante\/","title":{"rendered":"Bar y Restaurante"},"content":{"rendered":"\t\t<div data-elementor-type=\"wp-page\" data-elementor-id=\"1962\" class=\"elementor elementor-1962\">\n\t\t\t\t<div class=\"elementor-element elementor-element-15991c4 e-con-full e-flex e-con e-parent\" data-id=\"15991c4\" data-element_type=\"container\" data-e-type=\"container\" data-settings=\"{&quot;background_background&quot;:&quot;video&quot;,&quot;animation&quot;:&quot;none&quot;,&quot;background_play_on_mobile&quot;:&quot;yes&quot;}\">\n\t\t\t\t<\/div>\n\t\t<div class=\"elementor-element elementor-element-1added9 e-con-full e-flex elementor-invisible e-con e-parent\" data-id=\"1added9\" data-element_type=\"container\" data-e-type=\"container\" data-settings=\"{&quot;background_background&quot;:&quot;classic&quot;,&quot;animation&quot;:&quot;fadeInUp&quot;}\">\n\t\t<div class=\"elementor-element elementor-element-001e260 e-con-full e-flex e-con e-child\" data-id=\"001e260\" data-element_type=\"container\" data-e-type=\"container\">\n\t\t\t\t<div class=\"elementor-element elementor-element-49c7e3b elementor-widget elementor-widget-heading\" data-id=\"49c7e3b\" data-element_type=\"widget\" data-e-type=\"widget\" data-widget_type=\"heading.default\">\n\t\t\t\t<div class=\"elementor-widget-container\">\n\t\t\t\t\t<h2 class=\"elementor-heading-title elementor-size-default\">Bar y Restaurant<\/h2>\t\t\t\t<\/div>\n\t\t\t\t<\/div>\n\t\t\t\t<div class=\"elementor-element elementor-element-ebdea00 elementor-widget-divider--view-line elementor-widget elementor-widget-divider\" data-id=\"ebdea00\" data-element_type=\"widget\" data-e-type=\"widget\" data-widget_type=\"divider.default\">\n\t\t\t\t<div class=\"elementor-widget-container\">\n\t\t\t\t\t\t\t<div class=\"elementor-divider\">\n\t\t\t<span class=\"elementor-divider-separator\">\n\t\t\t\t\t\t<\/span>\n\t\t<\/div>\n\t\t\t\t\t\t<\/div>\n\t\t\t\t<\/div>\n\t\t\t\t<div class=\"elementor-element elementor-element-bc6a75a elementor-widget elementor-widget-heading\" data-id=\"bc6a75a\" data-element_type=\"widget\" data-e-type=\"widget\" data-widget_type=\"heading.default\">\n\t\t\t\t<div class=\"elementor-widget-container\">\n\t\t\t\t\t<h2 class=\"elementor-heading-title elementor-size-default\">Desde lo alto de la colina se ve el valle, la monta\u00f1a y el mar.<\/h2>\t\t\t\t<\/div>\n\t\t\t\t<\/div>\n\t\t\t\t<div class=\"elementor-element elementor-element-82eff06 elementor-widget elementor-widget-spacer\" data-id=\"82eff06\" data-element_type=\"widget\" data-e-type=\"widget\" data-widget_type=\"spacer.default\">\n\t\t\t\t<div class=\"elementor-widget-container\">\n\t\t\t\t\t\t\t<div class=\"elementor-spacer\">\n\t\t\t<div class=\"elementor-spacer-inner\"><\/div>\n\t\t<\/div>\n\t\t\t\t\t\t<\/div>\n\t\t\t\t<\/div>\n\t\t\t\t<div class=\"elementor-element elementor-element-2e0d717 elementor-widget elementor-widget-video\" data-id=\"2e0d717\" data-element_type=\"widget\" data-e-type=\"widget\" data-settings=\"{&quot;youtube_url&quot;:&quot;https:\\\/\\\/www.youtube.com\\\/watch?v=N0SVgyqKOw0&quot;,&quot;autoplay&quot;:&quot;yes&quot;,&quot;video_type&quot;:&quot;youtube&quot;,&quot;controls&quot;:&quot;yes&quot;}\" data-widget_type=\"video.default\">\n\t\t\t\t<div class=\"elementor-widget-container\">\n\t\t\t\t\t\t\t<div class=\"elementor-wrapper elementor-open-inline\">\n\t\t\t<div class=\"elementor-video\"><\/div>\t\t<\/div>\n\t\t\t\t\t\t<\/div>\n\t\t\t\t<\/div>\n\t\t\t\t<div class=\"elementor-element elementor-element-b1430ad elementor-widget elementor-widget-spacer\" data-id=\"b1430ad\" data-element_type=\"widget\" data-e-type=\"widget\" data-widget_type=\"spacer.default\">\n\t\t\t\t<div class=\"elementor-widget-container\">\n\t\t\t\t\t\t\t<div class=\"elementor-spacer\">\n\t\t\t<div class=\"elementor-spacer-inner\"><\/div>\n\t\t<\/div>\n\t\t\t\t\t\t<\/div>\n\t\t\t\t<\/div>\n\t\t\t\t<\/div>\n\t\t\t\t<\/div>\n\t\t<div class=\"elementor-element elementor-element-7187ceb e-con-full e-flex elementor-invisible e-con e-parent\" data-id=\"7187ceb\" data-element_type=\"container\" data-e-type=\"container\" data-settings=\"{&quot;background_background&quot;:&quot;classic&quot;,&quot;animation&quot;:&quot;fadeInUp&quot;}\">\n\t\t<div class=\"elementor-element elementor-element-7c7421a e-con-full e-flex e-con e-child\" data-id=\"7c7421a\" data-element_type=\"container\" data-e-type=\"container\" data-settings=\"{&quot;animation&quot;:&quot;none&quot;}\">\n\t\t<div class=\"elementor-element elementor-element-7b4aa4e e-con-full e-flex e-con e-child\" data-id=\"7b4aa4e\" data-element_type=\"container\" data-e-type=\"container\">\n\t\t\t\t<div class=\"elementor-element elementor-element-50eb0d7 elementor-widget elementor-widget-text-editor\" data-id=\"50eb0d7\" data-element_type=\"widget\" data-e-type=\"widget\" data-widget_type=\"text-editor.default\">\n\t\t\t\t<div class=\"elementor-widget-container\">\n\t\t\t\t\t\t\t\t\t<p>Ubicado en el punto m\u00e1s alto de la loma, Quelites Restaurant le ofrece algunas de las vistas m\u00e1s impresionantes de Costa Rica, desde el Valle Central y sus cordillera volc\u00e1nica, hasta las calmas aguas del Golfo de Nicoya, y verdes monta\u00f1as y campos al noroeste. Las vistas de Quelites Restaurant las complementa un ambiente acogedor y de estilo.<\/p><p>En el edificio principal tambi\u00e9n encontrar\u00e1 un \u00e1rea de chimenea con paredes de vidrio para aprovechar mejor los bellos paisajes del exterior.<\/p><p>Nuestra terraza de caf\u00e9 en el jard\u00edn es el sitio ideal para su desayuno, almuerzo o el caf\u00e9 de la tarde, mientras flores propias de la zona adornan con cuidado el espacio alrededor de la terraza.<\/p><p>Nuestra cultura cafetera ha sido la principal motivaci\u00f3n para el dise\u00f1o y decoraci\u00f3n de Quelites Restaurant, l\u00e1mparas pintadas a mano adornan el corredor principal representando los cinco estados del grano de caf\u00e9, varillas de caf\u00e9 decoran partes del cielorraso y cajuelas decoran el bar para la exhibici\u00f3n de licores.<\/p><p>Nuestra comida es fresca y natural, usamos productos propios de la zona y algunos de nuestro propio jard\u00edn. Nuestro men\u00fa cambia seg\u00fan la \u00e9poca del a\u00f1o para utilizar lo m\u00e1s fresco y natural posible. Nos sentimos orgullosos de rescatar lo mejor de la cocina costarricense y hacerla parte de su experiencia en Chayote Lodge.<\/p>\t\t\t\t\t\t\t\t<\/div>\n\t\t\t\t<\/div>\n\t\t\t\t<div class=\"elementor-element elementor-element-f47044e elementor-align-center elementor-widget elementor-widget-button\" data-id=\"f47044e\" data-element_type=\"widget\" data-e-type=\"widget\" data-widget_type=\"button.default\">\n\t\t\t\t<div class=\"elementor-widget-container\">\n\t\t\t\t\t\t\t\t\t<div class=\"elementor-button-wrapper\">\n\t\t\t\t\t<a class=\"elementor-button elementor-button-link elementor-size-sm elementor-animation-grow\" href=\"https:\/\/www.chayotelodge.com\/es\/contactenos\/\">\n\t\t\t\t\t\t<span class=\"elementor-button-content-wrapper\">\n\t\t\t\t\t\t\t\t\t<span class=\"elementor-button-text\">Cont\u00e1ctenos<\/span>\n\t\t\t\t\t<\/span>\n\t\t\t\t\t<\/a>\n\t\t\t\t<\/div>\n\t\t\t\t\t\t\t\t<\/div>\n\t\t\t\t<\/div>\n\t\t\t\t<\/div>\n\t\t\t\t<\/div>\n\t\t\t\t<\/div>\n\t\t\t\t<\/div>\n\t\t","protected":false},"excerpt":{"rendered":"<p>Bar y Restaurant Desde lo alto de la colina se ve el valle, la monta\u00f1a y el mar. Ubicado en el punto m\u00e1s alto de la loma, Quelites Restaurant le ofrece algunas de las vistas m\u00e1s impresionantes de Costa Rica, desde el Valle Central y sus cordillera volc\u00e1nica, hasta las calmas aguas del Golfo de Nicoya, y verdes monta\u00f1as y campos al noroeste. Las vistas de Quelites Restaurant las complementa un ambiente acogedor y de estilo. En el edificio principal tambi\u00e9n encontrar\u00e1 un \u00e1rea de chimenea con paredes de vidrio para aprovechar mejor los bellos paisajes del exterior. Nuestra terraza de caf\u00e9 en el jard\u00edn es el sitio ideal para su desayuno, almuerzo o el caf\u00e9 de la tarde, mientras flores propias de la zona adornan con cuidado el espacio alrededor de la terraza. Nuestra cultura cafetera ha sido la principal motivaci\u00f3n para el dise\u00f1o y decoraci\u00f3n de Quelites Restaurant, l\u00e1mparas pintadas a mano adornan el corredor principal representando los cinco estados del grano de caf\u00e9, varillas de caf\u00e9 decoran partes del cielorraso y cajuelas decoran el bar para la exhibici\u00f3n de licores. Nuestra comida es fresca y natural, usamos productos propios de la zona y algunos de nuestro propio jard\u00edn. Nuestro men\u00fa cambia seg\u00fan la \u00e9poca del a\u00f1o para utilizar lo m\u00e1s fresco y natural posible. Nos sentimos orgullosos de rescatar lo mejor de la cocina costarricense y hacerla parte de su experiencia en Chayote Lodge. Cont\u00e1ctenos<\/p>\n","protected":false},"author":1,"featured_media":0,"parent":0,"menu_order":0,"comment_status":"closed","ping_status":"closed","template":"elementor_header_footer","meta":{"_joinchat":[],"footnotes":""},"class_list":["post-1962","page","type-page","status-publish","hentry"],"_links":{"self":[{"href":"https:\/\/www.chayotelodge.com\/es\/wp-json\/wp\/v2\/pages\/1962","targetHints":{"allow":["GET"]}}],"collection":[{"href":"https:\/\/www.chayotelodge.com\/es\/wp-json\/wp\/v2\/pages"}],"about":[{"href":"https:\/\/www.chayotelodge.com\/es\/wp-json\/wp\/v2\/types\/page"}],"author":[{"embeddable":true,"href":"https:\/\/www.chayotelodge.com\/es\/wp-json\/wp\/v2\/users\/1"}],"replies":[{"embeddable":true,"href":"https:\/\/www.chayotelodge.com\/es\/wp-json\/wp\/v2\/comments?post=1962"}],"version-history":[{"count":12,"href":"https:\/\/www.chayotelodge.com\/es\/wp-json\/wp\/v2\/pages\/1962\/revisions"}],"predecessor-version":[{"id":2759,"href":"https:\/\/www.chayotelodge.com\/es\/wp-json\/wp\/v2\/pages\/1962\/revisions\/2759"}],"wp:attachment":[{"href":"https:\/\/www.chayotelodge.com\/es\/wp-json\/wp\/v2\/media?parent=1962"}],"curies":[{"name":"wp","href":"https:\/\/api.w.org\/{rel}","templated":true}]}}