{"id":1961,"date":"2025-02-17T20:38:05","date_gmt":"2025-02-17T20:38:05","guid":{"rendered":"https:\/\/www.chayotelodge.com\/about-us\/"},"modified":"2025-11-14T22:01:03","modified_gmt":"2025-11-14T22:01:03","slug":"sobre-nosotros","status":"publish","type":"page","link":"https:\/\/www.chayotelodge.com\/es\/sobre-nosotros\/","title":{"rendered":"Sobre Nosotros"},"content":{"rendered":"\t\t<div data-elementor-type=\"wp-page\" data-elementor-id=\"1961\" class=\"elementor elementor-1961\">\n\t\t\t\t<div class=\"elementor-element elementor-element-15991c4 e-con-full e-flex e-con e-parent\" data-id=\"15991c4\" data-element_type=\"container\" data-e-type=\"container\" data-settings=\"{&quot;background_background&quot;:&quot;video&quot;,&quot;animation&quot;:&quot;none&quot;,&quot;background_play_on_mobile&quot;:&quot;yes&quot;}\">\n\t\t\t\t<\/div>\n\t\t<div class=\"elementor-element elementor-element-1added9 e-con-full e-flex elementor-invisible e-con e-parent\" data-id=\"1added9\" data-element_type=\"container\" data-e-type=\"container\" data-settings=\"{&quot;background_background&quot;:&quot;classic&quot;,&quot;animation&quot;:&quot;fadeInUp&quot;}\">\n\t\t<div class=\"elementor-element elementor-element-9d88c38 e-con-full e-flex e-con e-child\" data-id=\"9d88c38\" data-element_type=\"container\" data-e-type=\"container\">\n\t\t\t\t<div class=\"elementor-element elementor-element-49c7e3b elementor-widget elementor-widget-heading\" data-id=\"49c7e3b\" data-element_type=\"widget\" data-e-type=\"widget\" data-widget_type=\"heading.default\">\n\t\t\t\t<div class=\"elementor-widget-container\">\n\t\t\t\t\t<h2 class=\"elementor-heading-title elementor-size-default\">Sobre Nosotros<\/h2>\t\t\t\t<\/div>\n\t\t\t\t<\/div>\n\t\t\t\t<div class=\"elementor-element elementor-element-ac74e37 elementor-widget-divider--view-line elementor-widget elementor-widget-divider\" data-id=\"ac74e37\" data-element_type=\"widget\" data-e-type=\"widget\" data-widget_type=\"divider.default\">\n\t\t\t\t<div class=\"elementor-widget-container\">\n\t\t\t\t\t\t\t<div class=\"elementor-divider\">\n\t\t\t<span class=\"elementor-divider-separator\">\n\t\t\t\t\t\t<\/span>\n\t\t<\/div>\n\t\t\t\t\t\t<\/div>\n\t\t\t\t<\/div>\n\t\t\t\t<div class=\"elementor-element elementor-element-bc6a75a elementor-widget elementor-widget-heading\" data-id=\"bc6a75a\" data-element_type=\"widget\" data-e-type=\"widget\" data-widget_type=\"heading.default\">\n\t\t\t\t<div class=\"elementor-widget-container\">\n\t\t\t\t\t<h2 class=\"elementor-heading-title elementor-size-default\">Inspirado por la rica cultura del caf\u00e9 de la regi\u00f3n<\/h2>\t\t\t\t<\/div>\n\t\t\t\t<\/div>\n\t\t\t\t<div class=\"elementor-element elementor-element-173c796 elementor-widget elementor-widget-spacer\" data-id=\"173c796\" data-element_type=\"widget\" data-e-type=\"widget\" data-widget_type=\"spacer.default\">\n\t\t\t\t<div class=\"elementor-widget-container\">\n\t\t\t\t\t\t\t<div class=\"elementor-spacer\">\n\t\t\t<div class=\"elementor-spacer-inner\"><\/div>\n\t\t<\/div>\n\t\t\t\t\t\t<\/div>\n\t\t\t\t<\/div>\n\t\t\t\t<div class=\"elementor-element elementor-element-48241d1 elementor-widget elementor-widget-video\" data-id=\"48241d1\" data-element_type=\"widget\" data-e-type=\"widget\" data-settings=\"{&quot;youtube_url&quot;:&quot;https:\\\/\\\/youtu.be\\\/_BMWiw4Kgh8?si=QpTeUcFjjyKKywDP&quot;,&quot;autoplay&quot;:&quot;yes&quot;,&quot;video_type&quot;:&quot;youtube&quot;,&quot;controls&quot;:&quot;yes&quot;}\" data-widget_type=\"video.default\">\n\t\t\t\t<div class=\"elementor-widget-container\">\n\t\t\t\t\t\t\t<div class=\"elementor-wrapper elementor-open-inline\">\n\t\t\t<div class=\"elementor-video\"><\/div>\t\t<\/div>\n\t\t\t\t\t\t<\/div>\n\t\t\t\t<\/div>\n\t\t\t\t<div class=\"elementor-element elementor-element-ca72d40 elementor-widget elementor-widget-spacer\" data-id=\"ca72d40\" data-element_type=\"widget\" data-e-type=\"widget\" data-widget_type=\"spacer.default\">\n\t\t\t\t<div class=\"elementor-widget-container\">\n\t\t\t\t\t\t\t<div class=\"elementor-spacer\">\n\t\t\t<div class=\"elementor-spacer-inner\"><\/div>\n\t\t<\/div>\n\t\t\t\t\t\t<\/div>\n\t\t\t\t<\/div>\n\t\t\t\t<\/div>\n\t\t\t\t<\/div>\n\t\t<div class=\"elementor-element elementor-element-7187ceb e-con-full e-flex elementor-invisible e-con e-parent\" data-id=\"7187ceb\" data-element_type=\"container\" data-e-type=\"container\" data-settings=\"{&quot;background_background&quot;:&quot;classic&quot;,&quot;animation&quot;:&quot;fadeInUp&quot;}\">\n\t\t<div class=\"elementor-element elementor-element-7c7421a e-con-full e-flex e-con e-child\" data-id=\"7c7421a\" data-element_type=\"container\" data-e-type=\"container\" data-settings=\"{&quot;animation&quot;:&quot;none&quot;}\">\n\t\t<div class=\"elementor-element elementor-element-7b4aa4e e-con-full e-flex e-con e-child\" data-id=\"7b4aa4e\" data-element_type=\"container\" data-e-type=\"container\">\n\t\t\t\t<div class=\"elementor-element elementor-element-50eb0d7 elementor-widget elementor-widget-text-editor\" data-id=\"50eb0d7\" data-element_type=\"widget\" data-e-type=\"widget\" data-widget_type=\"text-editor.default\">\n\t\t\t\t<div class=\"elementor-widget-container\">\n\t\t\t\t\t\t\t\t\t<p>Inspirado en la rica cultura cafetera de la regi\u00f3n, cada rinc\u00f3n de la propiedad evoca un fragmento de la historia y el estilo de vida de los recolectores de caf\u00e9. Adem\u00e1s, la arquitectura y el dise\u00f1o de Chayote Lodge integran los elementos m\u00e1s representativos de esta cultura. Por ejemplo, los bungalows se asemejan a las tradicionales estaciones de recepci\u00f3n de caf\u00e9, conocidas localmente como \u00abrecibidores\u00bb.<\/p><p>Rodeado de cafetales, verdes praderas y un entorno agr\u00edcola pr\u00f3spero, el \u00e1rea refleja lo mejor de una tradici\u00f3n costarricense sencilla pero enriquecedora.<\/p><p>Su ubicaci\u00f3n estrat\u00e9gica en el coraz\u00f3n de Costa Rica es el punto de partida ideal para descubrir diversos parques nacionales, cascadas, cafetales, pueblos rurales, artesanos locales y disfrutar del estilo de vida local visitando casas, jardines y parques urbanos en los alrededores.<\/p><p>El edificio principal del lodge ofrece una acogedora chimenea, un restaurante de cocina fusi\u00f3n que combina sabores locales con platos internacionales, una cafeter\u00eda con terraza y un bar de ambiente local donde los hu\u00e9spedes tienen la oportunidad de interactuar con los lugare\u00f1os y aprender sobre sus tradiciones.<\/p><p>Cada d\u00eda, la experiencia de Chayote Lodge comienza con la salida del sol en el Este, evoluciona durante el d\u00eda con vistas exquisitas y licores arom\u00e1ticos, y finalmente culmina con una hermosa puesta de sol en el Pac\u00edfico antes de que todo vuelva a empezar a la ma\u00f1ana siguiente.<\/p>\t\t\t\t\t\t\t\t<\/div>\n\t\t\t\t<\/div>\n\t\t\t\t<div class=\"elementor-element elementor-element-f47044e elementor-align-center elementor-widget elementor-widget-button\" data-id=\"f47044e\" data-element_type=\"widget\" data-e-type=\"widget\" data-widget_type=\"button.default\">\n\t\t\t\t<div class=\"elementor-widget-container\">\n\t\t\t\t\t\t\t\t\t<div class=\"elementor-button-wrapper\">\n\t\t\t\t\t<a class=\"elementor-button elementor-button-link elementor-size-sm elementor-animation-grow\" href=\"https:\/\/www.chayotelodge.com\/es\/contactenos\/\">\n\t\t\t\t\t\t<span class=\"elementor-button-content-wrapper\">\n\t\t\t\t\t\t\t\t\t<span class=\"elementor-button-text\">Cont\u00e1ctenos<\/span>\n\t\t\t\t\t<\/span>\n\t\t\t\t\t<\/a>\n\t\t\t\t<\/div>\n\t\t\t\t\t\t\t\t<\/div>\n\t\t\t\t<\/div>\n\t\t\t\t<\/div>\n\t\t\t\t<\/div>\n\t\t\t\t<\/div>\n\t\t\t\t<\/div>\n\t\t","protected":false},"excerpt":{"rendered":"<p>Sobre Nosotros Inspirado por la rica cultura del caf\u00e9 de la regi\u00f3n Inspirado en la rica cultura cafetera de la regi\u00f3n, cada rinc\u00f3n de la propiedad evoca un fragmento de la historia y el estilo de vida de los recolectores de caf\u00e9. Adem\u00e1s, la arquitectura y el dise\u00f1o de Chayote Lodge integran los elementos m\u00e1s representativos de esta cultura. Por ejemplo, los bungalows se asemejan a las tradicionales estaciones de recepci\u00f3n de caf\u00e9, conocidas localmente como \u00abrecibidores\u00bb. Rodeado de cafetales, verdes praderas y un entorno agr\u00edcola pr\u00f3spero, el \u00e1rea refleja lo mejor de una tradici\u00f3n costarricense sencilla pero enriquecedora. Su ubicaci\u00f3n estrat\u00e9gica en el coraz\u00f3n de Costa Rica es el punto de partida ideal para descubrir diversos parques nacionales, cascadas, cafetales, pueblos rurales, artesanos locales y disfrutar del estilo de vida local visitando casas, jardines y parques urbanos en los alrededores. El edificio principal del lodge ofrece una acogedora chimenea, un restaurante de cocina fusi\u00f3n que combina sabores locales con platos internacionales, una cafeter\u00eda con terraza y un bar de ambiente local donde los hu\u00e9spedes tienen la oportunidad de interactuar con los lugare\u00f1os y aprender sobre sus tradiciones. Cada d\u00eda, la experiencia de Chayote Lodge comienza con la salida del sol en el Este, evoluciona durante el d\u00eda con vistas exquisitas y licores arom\u00e1ticos, y finalmente culmina con una hermosa puesta de sol en el Pac\u00edfico antes de que todo vuelva a empezar a la ma\u00f1ana siguiente. Cont\u00e1ctenos<\/p>\n","protected":false},"author":1,"featured_media":0,"parent":0,"menu_order":0,"comment_status":"closed","ping_status":"closed","template":"elementor_header_footer","meta":{"_joinchat":[],"footnotes":""},"class_list":["post-1961","page","type-page","status-publish","hentry"],"_links":{"self":[{"href":"https:\/\/www.chayotelodge.com\/es\/wp-json\/wp\/v2\/pages\/1961","targetHints":{"allow":["GET"]}}],"collection":[{"href":"https:\/\/www.chayotelodge.com\/es\/wp-json\/wp\/v2\/pages"}],"about":[{"href":"https:\/\/www.chayotelodge.com\/es\/wp-json\/wp\/v2\/types\/page"}],"author":[{"embeddable":true,"href":"https:\/\/www.chayotelodge.com\/es\/wp-json\/wp\/v2\/users\/1"}],"replies":[{"embeddable":true,"href":"https:\/\/www.chayotelodge.com\/es\/wp-json\/wp\/v2\/comments?post=1961"}],"version-history":[{"count":13,"href":"https:\/\/www.chayotelodge.com\/es\/wp-json\/wp\/v2\/pages\/1961\/revisions"}],"predecessor-version":[{"id":2157,"href":"https:\/\/www.chayotelodge.com\/es\/wp-json\/wp\/v2\/pages\/1961\/revisions\/2157"}],"wp:attachment":[{"href":"https:\/\/www.chayotelodge.com\/es\/wp-json\/wp\/v2\/media?parent=1961"}],"curies":[{"name":"wp","href":"https:\/\/api.w.org\/{rel}","templated":true}]}}